{"id":83,"date":"2022-03-29T14:57:50","date_gmt":"2022-03-29T12:57:50","guid":{"rendered":"https:\/\/www.sm-akademie-berlin.de\/?page_id=83"},"modified":"2022-06-06T12:12:25","modified_gmt":"2022-06-06T10:12:25","slug":"unsere-referenten","status":"publish","type":"page","link":"https:\/\/www.sm-akademie-berlin.de\/?page_id=83","title":{"rendered":"Unsere Referenten"},"content":{"rendered":"\n<div class=\"wp-block-columns has-background is-layout-flex wp-container-core-columns-is-layout-9d6595d7 wp-block-columns-is-layout-flex\" style=\"background-color:#eeeeee\">\n<div class=\"wp-block-column is-vertically-aligned-center is-layout-flow wp-block-column-is-layout-flow\" style=\"flex-basis:33.33%\">\n<figure class=\"wp-block-image size-large\"><img loading=\"lazy\" decoding=\"async\" width=\"1024\" height=\"1010\" src=\"https:\/\/www.sm-akademie-berlin.de\/wp-content\/uploads\/2022\/03\/DocHenry-1024x1010.jpg\" alt=\"\" class=\"wp-image-84\" srcset=\"https:\/\/www.sm-akademie-berlin.de\/wp-content\/uploads\/2022\/03\/DocHenry-1024x1010.jpg 1024w, https:\/\/www.sm-akademie-berlin.de\/wp-content\/uploads\/2022\/03\/DocHenry-300x296.jpg 300w, https:\/\/www.sm-akademie-berlin.de\/wp-content\/uploads\/2022\/03\/DocHenry-768x758.jpg 768w, https:\/\/www.sm-akademie-berlin.de\/wp-content\/uploads\/2022\/03\/DocHenry-1536x1515.jpg 1536w, https:\/\/www.sm-akademie-berlin.de\/wp-content\/uploads\/2022\/03\/DocHenry-150x148.jpg 150w, https:\/\/www.sm-akademie-berlin.de\/wp-content\/uploads\/2022\/03\/DocHenry.jpg 1688w\" sizes=\"auto, (max-width: 1024px) 100vw, 1024px\" \/><figcaption>Photo: DocHenry<\/figcaption><\/figure>\n<\/div>\n\n\n\n<div class=\"wp-block-column is-vertically-aligned-center is-layout-flow wp-block-column-is-layout-flow\" style=\"flex-basis:66.66%\">\n<h2 class=\"wp-block-heading\">Henry alias &#8222;DocHenry&#8220;<\/h2>\n\n\n\n<p>Seit 16 Jahren gibt &#8222;DocHenry&#8220; Workshops f\u00fcr Kinkster. Er ist Arzt f\u00fcr Allgemeinmedizin und Facharzt f\u00fcr An\u00e4sthesie. Dies bedeutete auch  eine jahrzehntelange Besch\u00e4ftigung mit Akupunktur und ihrem Einsatz in der Schmerztherapie und bei chirurgischen Eingriffen .<\/p>\n\n\n\n<p>Zwischen 1980 und 2005 war tantrische Sexualit\u00e4t (s)ein Schwerpunkt. Im privaten Rahmen vermittelt er, wie man seine sexuellen Reaktionen kontrolliert, um z.B. l\u00e4ngeres intimes Miteinander zu erm\u00f6glichen; Orgasmen zu intensivieren und vor allem entspannt und achtsam mit all dem umzugehen. <\/p>\n\n\n\n<p>Da ihm immer wieder vermeidbare Unf\u00e4lle im Bereich D\/s und SM begegneten, begann er 2006 mit Workshops \u00fcber Anatomie und Erste Hilfe insbesondere f\u00fcr SMler. Dazu kamen Sicherheitstrainings und spezielle Aspekte, wie z.B. Nadeln, Spanking etc. Weiterhin dem mehr &#8222;praktischen&#8220; Tantra verbunden, folgten Kurse \u00fcber erotische Stimulation, Squirting und genitale Anatomie. Aber auch Sessionaufbau, -gestaltung und Nachsorge beinhaltet sein Repertoire.<\/p>\n\n\n\n<p>Zuletzt zwei WSs auf der EURIX  \u00fcber spezielle Anatomie f\u00fcr Rigger und Vermeidung von Verletzungen beim Bondage,    WS Nadeln, im Juli folgen im Rahmen der EXPLORE  zwei WSs Sicherheitstraining f\u00fcr SMler aller Spielarten (deutsch\/englisch)<\/p>\n\n\n\n<p>Er ist Mitbegr\u00fcnder der SM-Akademie Berlin und langj\u00e4hriger Teilnehmer des <a rel=\"noreferrer noopener\" href=\"https:\/\/bdsm-berlin.de\/veranstaltungen\/#pp-toc-600e5269a1158-anchor-6\" target=\"_blank\">Berliner D\/s Stammtisches<\/a>.<\/p>\n<\/div>\n<\/div>\n\n\n\n<div class=\"wp-block-columns has-background is-layout-flex wp-container-core-columns-is-layout-9d6595d7 wp-block-columns-is-layout-flex\" style=\"background-color:#eeeeee\">\n<div class=\"wp-block-column is-vertically-aligned-center is-layout-flow wp-block-column-is-layout-flow\" style=\"flex-basis:33.33%\">\n<figure class=\"wp-block-image size-full\"><img loading=\"lazy\" decoding=\"async\" width=\"859\" height=\"725\" src=\"https:\/\/www.sm-akademie-berlin.de\/wp-content\/uploads\/2022\/04\/Referent_Ingo_cropped.png\" alt=\"\" class=\"wp-image-120\" srcset=\"https:\/\/www.sm-akademie-berlin.de\/wp-content\/uploads\/2022\/04\/Referent_Ingo_cropped.png 859w, https:\/\/www.sm-akademie-berlin.de\/wp-content\/uploads\/2022\/04\/Referent_Ingo_cropped-300x253.png 300w, https:\/\/www.sm-akademie-berlin.de\/wp-content\/uploads\/2022\/04\/Referent_Ingo_cropped-768x648.png 768w, https:\/\/www.sm-akademie-berlin.de\/wp-content\/uploads\/2022\/04\/Referent_Ingo_cropped-150x127.png 150w\" sizes=\"auto, (max-width: 859px) 100vw, 859px\" \/><figcaption>Photo: Ingo<\/figcaption><\/figure>\n<\/div>\n\n\n\n<div class=\"wp-block-column is-vertically-aligned-center is-layout-flow wp-block-column-is-layout-flow\" style=\"flex-basis:66.66%\">\n<h2 class=\"wp-block-heading\">Ingo<\/h2>\n\n\n\n<p>Ingo ist Diplom-Ingenieur f\u00fcr medizinisch-physikalische Technik und arbeitet in diesem Bereich seit \u00fcber 25 Jahren.<\/p>\n\n\n\n<p>Der Workshop f\u00fcr Elektrostimulation fand bereits im Rahmen des Klinikstammtisches in Hamburg statt und bei <a href=\"https:\/\/bdsm-berlin.de\" target=\"_blank\" rel=\"noreferrer noopener\">BDSM Berlin e.V.<\/a><\/p>\n\n\n\n<p>Mit dem Thema BDSM und Fetisch besch\u00e4ftigt sich Ingo seit mehr als 20 Jahren. Neben Veranstaltung verschiedener Parties in Berlin und Betreuung des Berliner Chillout Treffens f\u00fcr Gothics und Fetischisten mit Spa\u00df an SM war er seit vielen Jahren aktiv beim BDSM Berlin e.V.<\/p>\n<\/div>\n<\/div>\n\n\n\n<div class=\"wp-block-columns has-background is-layout-flex wp-container-core-columns-is-layout-9d6595d7 wp-block-columns-is-layout-flex\" style=\"background-color:#eeeeee\">\n<div class=\"wp-block-column is-vertically-aligned-center is-layout-flow wp-block-column-is-layout-flow\" style=\"flex-basis:33.33%\"><div class=\"wp-block-image\">\n<figure class=\"alignleft size-full is-resized\"><img loading=\"lazy\" decoding=\"async\" src=\"https:\/\/www.sm-akademie-berlin.de\/wp-content\/uploads\/2022\/04\/Avatar_big.png\" alt=\"\" class=\"wp-image-107\" width=\"240\" height=\"282\" srcset=\"https:\/\/www.sm-akademie-berlin.de\/wp-content\/uploads\/2022\/04\/Avatar_big.png 764w, https:\/\/www.sm-akademie-berlin.de\/wp-content\/uploads\/2022\/04\/Avatar_big-255x300.png 255w, https:\/\/www.sm-akademie-berlin.de\/wp-content\/uploads\/2022\/04\/Avatar_big-127x150.png 127w\" sizes=\"auto, (max-width: 240px) 100vw, 240px\" \/><figcaption>Bild: Moon-Beast<\/figcaption><\/figure><\/div><\/div>\n\n\n\n<div class=\"wp-block-column is-vertically-aligned-center is-layout-flow wp-block-column-is-layout-flow\" style=\"flex-basis:66.66%\">\n<h2 class=\"wp-block-heading\">Holger alias &#8222;Moon-Beast&#8220;<\/h2>\n\n\n\n<p>Seit 30 Jahren im D\/s Bereich aktiv ist er der Informatiker in der Akademie. Als solcher k\u00fcmmert er sich prim\u00e4r um die technischen Aspekte der Webseite.<br>Schon seit Schulzeiten gibt er Unterricht, h\u00e4lt Vortr\u00e4ge und Fortbildungen sowohl im IT-Bereich, der Erwachsenenbildung als auch im politischen Raum. <\/p>\n\n\n\n<p>Als DOSB lizenzierter Leistungssport-Trainer hat er einen Einblick in Trainingsmethoden und Coaching. <\/p>\n\n\n\n<p>Sein Steckenpferd sind neben der Geschichte des SM und D\/s, die Kommunikation und Psychologie.<\/p>\n\n\n\n<p>Beim <a rel=\"noreferrer noopener\" href=\"https:\/\/bdsm-berlin.de\/veranstaltungen\/#pp-toc-600e5269a1158-anchor-6\" target=\"_blank\">Berliner D\/s Stammtisch<\/a> ist er seit Jahren Co-Moderator und -Organisator. Zudem ist er Gr\u00fcndungsmitglied der SM-Akademie-Berlin und des <a href=\"https:\/\/ds-zirkel.de\" target=\"_blank\" rel=\"noreferrer noopener\">Berliner D\/s-Zirkels<\/a>.<br><\/p>\n<\/div>\n<\/div>\n\n\n\n<p class=\"has-background\" style=\"background-color:#eeeeee\">Neben unseren regul\u00e4ren Referenten  laden wir auch gerne externe Referenten zu speziellen Themen ein. Insbesondere f\u00fcr nicht direkt den D\/s oder SM betreffende Bereiche, wie &#8222;Recht und Gesetzeslage&#8220;, &#8222;Psychologie und Sexualwissenschaft&#8220;, oder andere Themen.<\/p>\n","protected":false},"excerpt":{"rendered":"<p>Henry alias &#8222;DocHenry&#8220; Seit 16 Jahren gibt &#8222;DocHenry&#8220; Workshops f\u00fcr Kinkster. Er ist Arzt f\u00fcr Allgemeinmedizin und Facharzt f\u00fcr An\u00e4sthesie. Dies bedeutete auch eine jahrzehntelange Besch\u00e4ftigung mit Akupunktur und ihrem Einsatz in der Schmerztherapie und bei chirurgischen Eingriffen . Zwischen 1980 und 2005 war tantrische Sexualit\u00e4t (s)ein Schwerpunkt. Im privaten&#8230;<\/p>\n<p> <a class=\"continue-reading-link\" href=\"https:\/\/www.sm-akademie-berlin.de\/?page_id=83\"><span>Continue reading<\/span><i class=\"crycon-right-dir\"><\/i><\/a> <\/p>\n","protected":false},"author":2,"featured_media":0,"parent":0,"menu_order":0,"comment_status":"closed","ping_status":"closed","template":"","meta":{"footnotes":""},"class_list":["post-83","page","type-page","status-publish","hentry"],"_links":{"self":[{"href":"https:\/\/www.sm-akademie-berlin.de\/index.php?rest_route=\/wp\/v2\/pages\/83","targetHints":{"allow":["GET"]}}],"collection":[{"href":"https:\/\/www.sm-akademie-berlin.de\/index.php?rest_route=\/wp\/v2\/pages"}],"about":[{"href":"https:\/\/www.sm-akademie-berlin.de\/index.php?rest_route=\/wp\/v2\/types\/page"}],"author":[{"embeddable":true,"href":"https:\/\/www.sm-akademie-berlin.de\/index.php?rest_route=\/wp\/v2\/users\/2"}],"replies":[{"embeddable":true,"href":"https:\/\/www.sm-akademie-berlin.de\/index.php?rest_route=%2Fwp%2Fv2%2Fcomments&post=83"}],"version-history":[{"count":10,"href":"https:\/\/www.sm-akademie-berlin.de\/index.php?rest_route=\/wp\/v2\/pages\/83\/revisions"}],"predecessor-version":[{"id":130,"href":"https:\/\/www.sm-akademie-berlin.de\/index.php?rest_route=\/wp\/v2\/pages\/83\/revisions\/130"}],"wp:attachment":[{"href":"https:\/\/www.sm-akademie-berlin.de\/index.php?rest_route=%2Fwp%2Fv2%2Fmedia&parent=83"}],"curies":[{"name":"wp","href":"https:\/\/api.w.org\/{rel}","templated":true}]}}